{"id":73,"date":"2015-01-11T19:43:21","date_gmt":"2015-01-11T19:43:21","guid":{"rendered":"http:\/\/dieboehms-film.ch\/ch\/?page_id=73"},"modified":"2015-02-28T10:02:38","modified_gmt":"2015-02-28T10:02:38","slug":"crew","status":"publish","type":"page","link":"https:\/\/dieboehms-film.ch\/ch\/?page_id=73","title":{"rendered":"CREW"},"content":{"rendered":"<h2 style=\"text-align: center;\">Statement des Regisseurs<\/h2>\n<p style=\"text-align: left;\">&#8222;\u00dcber meine K\u00f6lner Verwandtschaft bestand eine langj\u00e4hriger Freundschaft zur Familie B\u00f6hm. Mich interessierte von Anfang an, wie das Familien- und Arbeitsleben bei den B\u00f6hms nahezu grenzenlos ineinander verschmilzt.\u2028 \u00dcber mehr als zwei Jahre hinweg habe ich mit Kameramann Raphael Beinder den Film gedreht. Dabei wollte ich das Pers\u00f6nliche hinter den Fassaden entdecken und zeigen, dass in diesen m\u00e4chtigen Bauten Emotionen zum Ausdruck kommen.\u201d<br \/>\nMaurizius Staerkle Drux<\/p>\n<h2 style=\"text-align: center;\"><\/h2>\n<h2 style=\"text-align: center;\">Die Filmemacher<\/h2>\n<p>&nbsp;<\/p>\n<table border=\"0\" width=\"100%\">\n<tbody>\n<tr>\n<td align=\"left\" valign=\"top\" width=\"150px\"><a href=\"http:\/\/dieboehms-film.ch\/de\/wp-content\/uploads\/2015\/01\/1_RegieMauriziusStaerkleDruxPortrait.jpg\"><br \/>\n<img loading=\"lazy\" decoding=\"async\" class=\"alignleft wp-image-171 size-thumbnail\" src=\"http:\/\/dieboehms-film.ch\/de\/wp-content\/uploads\/2015\/01\/1_RegieMauriziusStaerkleDruxPortrait-150x150.jpg\" alt=\"1_RegieMauriziusStaerkleDruxPortrait\" width=\"150\" height=\"150\" \/><\/a><\/td>\n<td align=\"left\" valign=\"top\" width=\"\"><b>Maurizius Staerkle Drux,<\/b> ist 1988 in K\u00f6ln geboren und in Z\u00fcrich aufgewachsen. Gepr\u00e4gt durch das kabarettistisch-pantomimische K\u00fcnstlerelternhaus bewegt er sich zwischen der Welt der Sprache und des Bildes, die im Film zusammenl\u00e4uft. 2012 schliesst er sein Studium an der Z\u00fcrcher Hochschule der K\u00fcnste ab und arbeitet seither als Dokumentarfilmer und Tongestalter. Mit seinen Filmarbeiten gewann er mehrere Preise.<br \/>\n<a href=\"http:\/\/www.maxdrux.com\" target=\"_blank\">www.maxdrux.com<\/a><\/td>\n<\/tr>\n<tr>\n<td align=\"left\" valign=\"top\"><a href=\"http:\/\/dieboehms-film.ch\/de\/wp-content\/uploads\/2015\/01\/RaphaelBeinder.jpg\"><br \/>\n<img loading=\"lazy\" decoding=\"async\" class=\" size-thumbnail wp-image-172 alignleft\" src=\"http:\/\/dieboehms-film.ch\/de\/wp-content\/uploads\/2015\/01\/RaphaelBeinder-150x150.jpg\" alt=\"RaphaelBeinder\" width=\"150\" height=\"150\" \/><\/a><\/td>\n<td align=\"left\" valign=\"top\"><strong>Raphael Beinder, Kameramann,<\/strong> wurde 1978 in Kempten\/Allg\u00e4u geboren. Er hat an der Deutschen Film- und Fernseh Akademie Berlin (dffb) Kamera studiert und bei einer Vielzahl von Kino- und Fernsehproduktionen mitgewirkt. 2007 erhielt er ein Stipendium von Kodak f\u00fcr die renommierte \u201eBudapest Cinematography Masterterclass\u201c. Dar\u00fcber hinaus gewann er den F\u00f6rderpreis des Deutschen Kamerapreises, die Silberne Kaulquappe in Lodz uvm. Heute lebt Raphael Beinder in Berlin und arbeitet als freischaffender Kameramann.<br \/>\n<a href=\"http:\/\/www.raphaelbeinder.de\" target=\"_blank\">www.raphaelbeinder.de<\/a><\/td>\n<\/tr>\n<tr>\n<td align=\"left\" valign=\"top\"><a href=\"http:\/\/dieboehms-film.ch\/de\/wp-content\/uploads\/2015\/01\/unnamed.jpg\"><br \/>\n<img loading=\"lazy\" decoding=\"async\" class=\" size-thumbnail wp-image-194 alignleft\" src=\"http:\/\/dieboehms-film.ch\/de\/wp-content\/uploads\/2015\/01\/unnamed-150x150.jpg\" alt=\"Anika Simon\" width=\"150\" height=\"150\" \/><\/a><\/td>\n<td align=\"left\" valign=\"top\"><strong>Anika Simon, Filmeditorin,<\/strong> wurde 1973 in Soest geboren. Sie studierte Theater- Film- und Fernsehwissenschaft an der Universit\u00e4t zu K\u00f6ln. Ab 2000 arbeitete sie zun\u00e4chst als Schnittassistentin, sp\u00e4ter als freiberufliche Filmeditorin f\u00fcr dokumentarische Formen. Seit 2003 realisiert sie Dokumentarfilme f\u00fcr Fernsehen und Kino, zahlreiche mit erfolgreicher Auswertung auf nationalen und internationalen Filmfestivals. Anika Simon lebt und arbeitet in K\u00f6ln.<\/td>\n<\/tr>\n<tr>\n<td align=\"left\" valign=\"top\"><a href=\"http:\/\/dieboehms-film.ch\/de\/wp-content\/uploads\/2015\/01\/unnamed1.jpg\"><br \/>\n<img loading=\"lazy\" decoding=\"async\" class=\" size-thumbnail wp-image-198 alignleft\" src=\"http:\/\/dieboehms-film.ch\/de\/wp-content\/uploads\/2015\/01\/unnamed1-150x150.jpg\" alt=\"Jonas B\u00fchler\" width=\"150\" height=\"150\" \/><\/a><\/td>\n<td align=\"left\" valign=\"top\"><strong>Jonas B\u00fchler, Filmmusiker<\/strong> \u2013 1985 in Z\u00fcrich geboren \u2013 lebt und arbeitet als freischaffender Komponist in London. Sein Studium in klassischem Klavier schloss er 2010 an der Z\u00fcrcher Hochschule der K\u00fcnste ab. 2013 beendete er sein Filmmusik-Studium am Berklee College of Music mit Summa Cum Laude. Er wirkte u.a. bei Spielfilmen mit wie WAFFENSTILLSTAND (Prix Europe Gewinner 2010) und EINE WIN IIG, DR D\u00c4LLEBACH KARI von Oscar-Preistr\u00e4ger Xavier Koller. <a href=\"http:\/\/www.jonasbuehler.com\" target=\"_blank\">www.jonasbuehler.com<\/a><\/td>\n<\/tr>\n<tr>\n<td align=\"left\" valign=\"top\"><a href=\"http:\/\/dieboehms-film.ch\/de\/wp-content\/uploads\/2015\/01\/carlludwig.jpg\"><br \/>\n<img loading=\"lazy\" decoding=\"async\" class=\" size-thumbnail wp-image-201 alignleft\" src=\"http:\/\/dieboehms-film.ch\/de\/wp-content\/uploads\/2015\/01\/filmmakers-carl-150x150.jpg\" alt=\"filmmakers-carl\" width=\"150\" height=\"150\" \/><\/a><\/td>\n<td align=\"left\" valign=\"top\"><strong>Carl-Ludwig Rettinger, Produzent<br \/>\n<\/strong>Lichtblick Film ist eine unabh\u00e4ngige Produktionsfirma mit Sitz in K\u00f6ln, die Dokumentar- und Spielfilme f\u00fcr Fernsehen und Kino sowie Dokumentarserien produziert. Seit der Gr\u00fcndung 1986 hat LICHTBLICK mit Filmemachern, Fernsehanstalten und Partnerfirmen in mehr als 40 L\u00e4ndern zusammengearbeitet.<br \/>\nAuszeichnungen u.a.: zwei Jury Preise in Cannes, f\u00fcnf Adolf-Grimme-Preise, zwei Fipresci Awards Berlinale, zwei Golden Gate Awards, John Schlesinger Award.<br \/>\n<a href=\"http:\/\/www.lichtblick-film.de\" target=\"_blank\">www.lichtblick-film.de<\/a><\/td>\n<\/tr>\n<tr>\n<td align=\"left\" valign=\"top\"><a href=\"http:\/\/dieboehms-film.ch\/de\/wp-content\/uploads\/2015\/01\/lisa-blatter.jpg\"><br \/>\n<img loading=\"lazy\" decoding=\"async\" class=\" size-thumbnail wp-image-202 alignleft\" src=\"http:\/\/dieboehms-film.ch\/de\/wp-content\/uploads\/2015\/01\/lisa-blatter-150x150.jpg\" alt=\"lisa blatter\" width=\"150\" height=\"150\" \/><\/a><\/td>\n<td align=\"left\" valign=\"top\"><strong>Lisa Blatter, Co-Produzentin,<\/strong> (1979) erlernte ihr Handwerk an der Z\u00fcrcher Hochschule der K\u00fcnste. Ihre dort entstandenen Kurzfilme liefen erfolgreich an zahlreichen internationalen Festivals. Neben ihrer T\u00e4tigkeit als Regisseurin arbeitete Lisa als Co-Autorin und Produzentin. Gemeinsam mit Jan Gassmann und Julia Tal gr\u00fcndete Lisa 2010 die Produktionsfirma 2:1 Film GmbH.<br \/>\n<a href=\"http:\/\/www.2zu1film.com\" target=\"_blank\">www.2zu1film.com<\/a><\/td>\n<\/tr>\n<tr>\n<td align=\"left\" valign=\"top\"><a href=\"http:\/\/dieboehms-film.ch\/de\/wp-content\/uploads\/2015\/01\/gassmann-Kopie.jpg\"><br \/>\n<img loading=\"lazy\" decoding=\"async\" class=\" size-thumbnail wp-image-209 alignleft\" src=\"http:\/\/dieboehms-film.ch\/de\/wp-content\/uploads\/2015\/01\/gassmann-Kopie-150x150.jpg\" alt=\"gassmann Kopie\" width=\"150\" height=\"150\" \/><\/a><\/td>\n<td align=\"left\" valign=\"top\"><strong>Jan Gassman, Co-Produzent,<\/strong> (1983) stammt aus Z\u00fcrich, seit seinem Studium an der HFF in M\u00fcnchen arbeitet er als Regisseur f\u00fcr Spiel &#8211; und Dokuemtarfilme (u.a. CHRIGU, OFF BEAT) und als Produzent und Teilhaber (u.a. Karma Shadub) bei 2:1 Film, Z\u00fcrich.<br \/>\n<a href=\"http:\/\/www.2zu1film.com\" target=\"_blank\">www.2zu1film.com<\/a><\/td>\n<\/tr>\n<\/tbody>\n<\/table>\n<p>&nbsp;<\/p>\n<h2 style=\"text-align: center;\">Stabliste<\/h2>\n<p style=\"text-align: center;\">Regie &amp; Ton: <a href=\"http:\/\/www.maxdrux.com\" target=\"_blank\">Maurizius Staerkle Drux<\/a><br \/>\nBildgestaltung: <a href=\"http:\/\/www.raphaelbeinder.de\/\" target=\"_blank\">Raphael Beinder<\/a><br \/>\nMontage: <a href=\"http:\/\/www.bfs-filmeditor.de\/profil\/anika-simon\/?tx_felogin_pi1[forgot]=1\" target=\"_blank\">Anika Simon (BFS)<\/a><br \/>\nFilmmusik: <a href=\"http:\/\/www.jonasbuehler.com\/\" target=\"_blank\">Jonas B\u00fchler<\/a><br \/>\nProduzent: <a href=\"http:\/\/www.lichtblick-film.com\/\" target=\"_blank\">Carl-Ludwig Rettinger (Lichtblickfilm K\u00f6ln)<\/a><br \/>\nCo-Produzenten: <a href=\"http:\/\/www.2zu1film.com\/\" target=\"_blank\">Lisa Blatter, Jan Gassmann (2:1 Film Z\u00fcrich)<\/a><br \/>\nRedakteurinnen: <a href=\"http:\/\/www1.wdr.de\/fernsehen\/film_serie\/kinozeit_dokumentarfilm\/ueberuns\/juttakrug100.html\" target=\"_blank\">Jutta Krug (WDR)<\/a>, <a href=\"http:\/\/www.br.de\/unternehmen\/inhalt\/filmtonart\/teilnehmer-2013-personen-100~_image-10_-952dc85ae5959077f284d3194802116b86d68f28.html\" target=\"_blank\">Claudia Gladziejewski (BR)<\/a><\/p>\n<p style=\"text-align: center;\">Produktionsleitung: Yvonne Gottschalk<br \/>\nProduktionsassistenten: Gesa Hollerbach, Bernhard Rand, Anna St\u00fcdeli<br \/>\nGrip\/Kameraassistenz: Felix Tonnat, Nikolas J\u00fcrgens, Myron Kritenko,<br \/>\nJulian Hanschke, Jan Peter, Frische Brise Film<\/p>\n<p style=\"text-align: center;\">\u00a0Ger\u00e4usche: Remie Blaser<br \/>\nTonassistenten: Riccardo Passani, Flurin Devonas<br \/>\nMusikvormischung: Andi Pupato<br \/>\nFilmtonmischung: Manu Gerber<\/p>\n<p style=\"text-align: center;\">Schnittassistenten: Norbert Kottmann, Martin Mertz,<br \/>\nRa\u00fal Zropf, Jan Pfitzner ,Antonia Klein<\/p>\n<p style=\"text-align: center;\">Transkripte: Rieke Weber, Kai Richarz<\/p>\n<p style=\"text-align: center;\">\u00a0Grading: Dany Schelby<\/p>\n<p style=\"text-align: center;\">\u00a0Skript Consultant: Lenz Baumann<\/p>\n<p style=\"text-align: center;\">\n","protected":false},"excerpt":{"rendered":"<p>Statement des Regisseurs &#8222;\u00dcber meine K\u00f6lner Verwandtschaft bestand eine langj\u00e4hriger Freundschaft zur Familie B\u00f6hm. Mich interessierte von Anfang an, wie das Familien- und Arbeitsleben bei den B\u00f6hms nahezu grenzenlos ineinander &hellip; <a class=\"readmore\" href=\"https:\/\/dieboehms-film.ch\/ch\/?page_id=73\">Continue Reading &rarr;<\/a><\/p>\n","protected":false},"author":1,"featured_media":0,"parent":0,"menu_order":0,"comment_status":"open","ping_status":"open","template":"","meta":{"footnotes":""},"class_list":["post-73","page","type-page","status-publish","hentry"],"yoast_head":"<!-- This site is optimized with the Yoast SEO plugin v27.5 - https:\/\/yoast.com\/product\/yoast-seo-wordpress\/ -->\n<title>CREW - DIE B\u00d6HMS<\/title>\n<meta name=\"robots\" content=\"index, follow, max-snippet:-1, max-image-preview:large, max-video-preview:-1\" \/>\n<link rel=\"canonical\" href=\"https:\/\/dieboehms-film.ch\/ch\/?page_id=73\" \/>\n<meta property=\"og:locale\" content=\"de_DE\" \/>\n<meta property=\"og:type\" content=\"article\" \/>\n<meta property=\"og:title\" content=\"CREW - DIE B\u00d6HMS\" \/>\n<meta property=\"og:description\" content=\"Statement des Regisseurs &#8222;\u00dcber meine K\u00f6lner Verwandtschaft bestand eine langj\u00e4hriger Freundschaft zur Familie B\u00f6hm. Mich interessierte von Anfang an, wie das Familien- und Arbeitsleben bei den B\u00f6hms nahezu grenzenlos ineinander &hellip; Continue Reading &rarr;\" \/>\n<meta property=\"og:url\" content=\"https:\/\/dieboehms-film.ch\/ch\/?page_id=73\" \/>\n<meta property=\"og:site_name\" content=\"DIE B\u00d6HMS\" \/>\n<meta property=\"article:publisher\" content=\"https:\/\/www.facebook.com\/dieboehmsfilm\" \/>\n<meta property=\"article:modified_time\" content=\"2015-02-28T10:02:38+00:00\" \/>\n<meta property=\"og:image\" content=\"http:\/\/dieboehms-film.ch\/de\/wp-content\/uploads\/2015\/01\/1_RegieMauriziusStaerkleDruxPortrait-150x150.jpg\" \/>\n<meta name=\"twitter:label1\" content=\"Gesch\u00e4tzte Lesezeit\" \/>\n\t<meta name=\"twitter:data1\" content=\"3\u00a0Minuten\" \/>\n<script type=\"application\/ld+json\" class=\"yoast-schema-graph\">{\"@context\":\"https:\\\/\\\/schema.org\",\"@graph\":[{\"@type\":\"WebPage\",\"@id\":\"https:\\\/\\\/dieboehms-film.ch\\\/ch\\\/?page_id=73\",\"url\":\"https:\\\/\\\/dieboehms-film.ch\\\/ch\\\/?page_id=73\",\"name\":\"CREW - DIE B\u00d6HMS\",\"isPartOf\":{\"@id\":\"https:\\\/\\\/dieboehms-film.ch\\\/ch\\\/#website\"},\"primaryImageOfPage\":{\"@id\":\"https:\\\/\\\/dieboehms-film.ch\\\/ch\\\/?page_id=73#primaryimage\"},\"image\":{\"@id\":\"https:\\\/\\\/dieboehms-film.ch\\\/ch\\\/?page_id=73#primaryimage\"},\"thumbnailUrl\":\"http:\\\/\\\/dieboehms-film.ch\\\/de\\\/wp-content\\\/uploads\\\/2015\\\/01\\\/1_RegieMauriziusStaerkleDruxPortrait-150x150.jpg\",\"datePublished\":\"2015-01-11T19:43:21+00:00\",\"dateModified\":\"2015-02-28T10:02:38+00:00\",\"breadcrumb\":{\"@id\":\"https:\\\/\\\/dieboehms-film.ch\\\/ch\\\/?page_id=73#breadcrumb\"},\"inLanguage\":\"de\",\"potentialAction\":[{\"@type\":\"ReadAction\",\"target\":[\"https:\\\/\\\/dieboehms-film.ch\\\/ch\\\/?page_id=73\"]}]},{\"@type\":\"ImageObject\",\"inLanguage\":\"de\",\"@id\":\"https:\\\/\\\/dieboehms-film.ch\\\/ch\\\/?page_id=73#primaryimage\",\"url\":\"http:\\\/\\\/dieboehms-film.ch\\\/de\\\/wp-content\\\/uploads\\\/2015\\\/01\\\/1_RegieMauriziusStaerkleDruxPortrait-150x150.jpg\",\"contentUrl\":\"http:\\\/\\\/dieboehms-film.ch\\\/de\\\/wp-content\\\/uploads\\\/2015\\\/01\\\/1_RegieMauriziusStaerkleDruxPortrait-150x150.jpg\"},{\"@type\":\"BreadcrumbList\",\"@id\":\"https:\\\/\\\/dieboehms-film.ch\\\/ch\\\/?page_id=73#breadcrumb\",\"itemListElement\":[{\"@type\":\"ListItem\",\"position\":1,\"name\":\"Startseite\",\"item\":\"https:\\\/\\\/dieboehms-film.ch\\\/ch\\\/\"},{\"@type\":\"ListItem\",\"position\":2,\"name\":\"CREW\"}]},{\"@type\":\"WebSite\",\"@id\":\"https:\\\/\\\/dieboehms-film.ch\\\/ch\\\/#website\",\"url\":\"https:\\\/\\\/dieboehms-film.ch\\\/ch\\\/\",\"name\":\"DIE B\u00d6HMS\",\"description\":\"Architektur einer Familie\",\"potentialAction\":[{\"@type\":\"SearchAction\",\"target\":{\"@type\":\"EntryPoint\",\"urlTemplate\":\"https:\\\/\\\/dieboehms-film.ch\\\/ch\\\/?s={search_term_string}\"},\"query-input\":{\"@type\":\"PropertyValueSpecification\",\"valueRequired\":true,\"valueName\":\"search_term_string\"}}],\"inLanguage\":\"de\"}]}<\/script>\n<!-- \/ Yoast SEO plugin. -->","yoast_head_json":{"title":"CREW - DIE B\u00d6HMS","robots":{"index":"index","follow":"follow","max-snippet":"max-snippet:-1","max-image-preview":"max-image-preview:large","max-video-preview":"max-video-preview:-1"},"canonical":"https:\/\/dieboehms-film.ch\/ch\/?page_id=73","og_locale":"de_DE","og_type":"article","og_title":"CREW - DIE B\u00d6HMS","og_description":"Statement des Regisseurs &#8222;\u00dcber meine K\u00f6lner Verwandtschaft bestand eine langj\u00e4hriger Freundschaft zur Familie B\u00f6hm. Mich interessierte von Anfang an, wie das Familien- und Arbeitsleben bei den B\u00f6hms nahezu grenzenlos ineinander &hellip; Continue Reading &rarr;","og_url":"https:\/\/dieboehms-film.ch\/ch\/?page_id=73","og_site_name":"DIE B\u00d6HMS","article_publisher":"https:\/\/www.facebook.com\/dieboehmsfilm","article_modified_time":"2015-02-28T10:02:38+00:00","og_image":[{"url":"http:\/\/dieboehms-film.ch\/de\/wp-content\/uploads\/2015\/01\/1_RegieMauriziusStaerkleDruxPortrait-150x150.jpg","type":"","width":"","height":""}],"twitter_misc":{"Gesch\u00e4tzte Lesezeit":"3\u00a0Minuten"},"schema":{"@context":"https:\/\/schema.org","@graph":[{"@type":"WebPage","@id":"https:\/\/dieboehms-film.ch\/ch\/?page_id=73","url":"https:\/\/dieboehms-film.ch\/ch\/?page_id=73","name":"CREW - DIE B\u00d6HMS","isPartOf":{"@id":"https:\/\/dieboehms-film.ch\/ch\/#website"},"primaryImageOfPage":{"@id":"https:\/\/dieboehms-film.ch\/ch\/?page_id=73#primaryimage"},"image":{"@id":"https:\/\/dieboehms-film.ch\/ch\/?page_id=73#primaryimage"},"thumbnailUrl":"http:\/\/dieboehms-film.ch\/de\/wp-content\/uploads\/2015\/01\/1_RegieMauriziusStaerkleDruxPortrait-150x150.jpg","datePublished":"2015-01-11T19:43:21+00:00","dateModified":"2015-02-28T10:02:38+00:00","breadcrumb":{"@id":"https:\/\/dieboehms-film.ch\/ch\/?page_id=73#breadcrumb"},"inLanguage":"de","potentialAction":[{"@type":"ReadAction","target":["https:\/\/dieboehms-film.ch\/ch\/?page_id=73"]}]},{"@type":"ImageObject","inLanguage":"de","@id":"https:\/\/dieboehms-film.ch\/ch\/?page_id=73#primaryimage","url":"http:\/\/dieboehms-film.ch\/de\/wp-content\/uploads\/2015\/01\/1_RegieMauriziusStaerkleDruxPortrait-150x150.jpg","contentUrl":"http:\/\/dieboehms-film.ch\/de\/wp-content\/uploads\/2015\/01\/1_RegieMauriziusStaerkleDruxPortrait-150x150.jpg"},{"@type":"BreadcrumbList","@id":"https:\/\/dieboehms-film.ch\/ch\/?page_id=73#breadcrumb","itemListElement":[{"@type":"ListItem","position":1,"name":"Startseite","item":"https:\/\/dieboehms-film.ch\/ch\/"},{"@type":"ListItem","position":2,"name":"CREW"}]},{"@type":"WebSite","@id":"https:\/\/dieboehms-film.ch\/ch\/#website","url":"https:\/\/dieboehms-film.ch\/ch\/","name":"DIE B\u00d6HMS","description":"Architektur einer Familie","potentialAction":[{"@type":"SearchAction","target":{"@type":"EntryPoint","urlTemplate":"https:\/\/dieboehms-film.ch\/ch\/?s={search_term_string}"},"query-input":{"@type":"PropertyValueSpecification","valueRequired":true,"valueName":"search_term_string"}}],"inLanguage":"de"}]}},"_links":{"self":[{"href":"https:\/\/dieboehms-film.ch\/ch\/index.php?rest_route=\/wp\/v2\/pages\/73","targetHints":{"allow":["GET"]}}],"collection":[{"href":"https:\/\/dieboehms-film.ch\/ch\/index.php?rest_route=\/wp\/v2\/pages"}],"about":[{"href":"https:\/\/dieboehms-film.ch\/ch\/index.php?rest_route=\/wp\/v2\/types\/page"}],"author":[{"embeddable":true,"href":"https:\/\/dieboehms-film.ch\/ch\/index.php?rest_route=\/wp\/v2\/users\/1"}],"replies":[{"embeddable":true,"href":"https:\/\/dieboehms-film.ch\/ch\/index.php?rest_route=%2Fwp%2Fv2%2Fcomments&post=73"}],"version-history":[{"count":26,"href":"https:\/\/dieboehms-film.ch\/ch\/index.php?rest_route=\/wp\/v2\/pages\/73\/revisions"}],"predecessor-version":[{"id":347,"href":"https:\/\/dieboehms-film.ch\/ch\/index.php?rest_route=\/wp\/v2\/pages\/73\/revisions\/347"}],"wp:attachment":[{"href":"https:\/\/dieboehms-film.ch\/ch\/index.php?rest_route=%2Fwp%2Fv2%2Fmedia&parent=73"}],"curies":[{"name":"wp","href":"https:\/\/api.w.org\/{rel}","templated":true}]}}